{"id":4701,"date":"2025-07-30T11:24:32","date_gmt":"2025-07-30T09:24:32","guid":{"rendered":"https:\/\/www.omnibusweb.com\/politica-de-cookies\/"},"modified":"2025-09-01T17:29:26","modified_gmt":"2025-09-01T15:29:26","slug":"politica-de-cookies","status":"publish","type":"page","link":"https:\/\/www.omnibusweb.com\/es\/politica-de-cookies\/","title":{"rendered":"Pol\u00edtica de cookies"},"content":{"rendered":"\t\t<div data-elementor-type=\"wp-page\" data-elementor-id=\"4701\" class=\"elementor elementor-4701 elementor-4031\">\n\t\t\t\t<div class=\"elementor-element elementor-element-0a5f35b e-con-full e-flex e-con e-parent\" data-id=\"0a5f35b\" data-element_type=\"container\" data-e-type=\"container\" data-settings=\"{&quot;background_background&quot;:&quot;classic&quot;}\">\n\t\t<div class=\"elementor-element elementor-element-669256b e-con-full e-flex e-con e-child\" data-id=\"669256b\" data-element_type=\"container\" data-e-type=\"container\">\n\t\t\t\t<div class=\"elementor-element elementor-element-4f70524 elementor-widget elementor-widget-heading\" data-id=\"4f70524\" data-element_type=\"widget\" data-e-type=\"widget\" data-widget_type=\"heading.default\">\n\t\t\t\t<div class=\"elementor-widget-container\">\n\t\t\t\t\t<h1 class=\"elementor-heading-title elementor-size-default\">Pol\u00edtica de cookies<\/h1>\t\t\t\t<\/div>\n\t\t\t\t<\/div>\n\t\t\t\t<\/div>\n\t\t\t\t<\/div>\n\t\t<div class=\"elementor-element elementor-element-9bee109 e-con-full e-flex e-con e-parent\" data-id=\"9bee109\" data-element_type=\"container\" data-e-type=\"container\" data-settings=\"{&quot;background_background&quot;:&quot;classic&quot;}\">\n\t\t\t\t<div class=\"elementor-element elementor-element-79b7e08 elementor-widget elementor-widget-text-editor\" data-id=\"79b7e08\" data-element_type=\"widget\" data-e-type=\"widget\" data-widget_type=\"text-editor.default\">\n\t\t\t\t<div class=\"elementor-widget-container\">\n\t\t\t\t\t\t\t\t\t<p><span class=\"cf0\">Este sitio utiliza cookies t\u00e9cnicas, anal\u00edticas y de perfil, tambi\u00e9n de terceros, necesarias respectivamente para permitir algunas funcionalidades fundamentales para el sitio, para realizar mediciones del <\/span><span class=\"cf0\">rendimiento<\/span><span class=\"cf0\"> del sitio mismo o para proporcionarle indicaciones promocionales en l\u00ednea con sus intereses.<\/span><\/p><p><span class=\"cf0\">Para aceptar, rechazar o seleccionar contempor\u00e1neamente todas las cookies en base a las finalidades o al servicio, utilice los comandos correspondientes (\u201cRechazar todas\u201d y \u201cAceptar todas\u201d) presentes en el banner para la gesti\u00f3n de las cookies.<\/span><\/p><p><span class=\"cf0\">En particular, a trav\u00e9s del banner se le presenta inmediatamente una s\u00edntesis de los consentimientos expresados para cada finalidad de cookie (es decir: Necesarias, Preferencias, Estad\u00edsticas, Marketing) y puede seleccionarlos o deseleccionarlos con un simple clic en el bot\u00f3n inferior. Si el bot\u00f3n es gris, significa que las cookies pertenecientes a esa finalidad son cookies puramente t\u00e9cnicas, es decir, necesarias para el funcionamiento del sitio y, por lo tanto, no est\u00e1n sujetas a consentimiento); si el bot\u00f3n es negro, significa que las cookies referentes a esa finalidad no est\u00e1n activadas; si, en cambio, el bot\u00f3n es azul, significa que para las cookies de esa finalidad se ha conferido el consentimiento. <\/span><\/p><p><span class=\"cf0\">Para cerrar el banner sin expresar una preferencia y no realizar modificaciones en la configuraci\u00f3n predeterminada, seleccione la opci\u00f3n \u201cAceptar seleccionados\u201d. Para seleccionar solo algunas categor\u00edas de cookies o servicios, elija la opci\u00f3n \u201cMostrar detalles\u201d. <\/span><\/p><p><span class=\"cf0\">Las cookies utilizadas en este sitio entran en las categor\u00edas descritas a continuaci\u00f3n.<\/span><\/p><p><span class=\"cf0\">Para toda la informaci\u00f3n a la que se refiere el art. 13 del RGPD (tales como: titularidad, ejercicio de los derechos, etc.), se remite a la Pol\u00edtica de privacidad del sitio. <\/span><\/p><p><\/p>\t\t\t\t\t\t\t\t<\/div>\n\t\t\t\t<\/div>\n\t\t\t\t<\/div>\n\t\t<div class=\"elementor-element elementor-element-ec45f02 e-con-full e-flex e-con e-parent\" data-id=\"ec45f02\" data-element_type=\"container\" data-e-type=\"container\" data-settings=\"{&quot;background_background&quot;:&quot;classic&quot;}\">\n\t\t\t\t<div class=\"elementor-element elementor-element-84efb09 elementor-widget elementor-widget-heading\" data-id=\"84efb09\" data-element_type=\"widget\" data-e-type=\"widget\" data-widget_type=\"heading.default\">\n\t\t\t\t<div class=\"elementor-widget-container\">\n\t\t\t\t\t<h2 class=\"elementor-heading-title elementor-size-default\">\u00bfQu\u00e9 son las cookies?<\/h2>\t\t\t\t<\/div>\n\t\t\t\t<\/div>\n\t\t\t\t<\/div>\n\t\t<div class=\"elementor-element elementor-element-e5e6a61 e-flex e-con-boxed e-con e-parent\" data-id=\"e5e6a61\" data-element_type=\"container\" data-e-type=\"container\" data-settings=\"{&quot;background_background&quot;:&quot;classic&quot;}\">\n\t\t\t\t\t<div class=\"e-con-inner\">\n\t\t\t\t<div class=\"elementor-element elementor-element-915efc2 elementor-widget elementor-widget-spacer\" data-id=\"915efc2\" data-element_type=\"widget\" data-e-type=\"widget\" data-widget_type=\"spacer.default\">\n\t\t\t\t<div class=\"elementor-widget-container\">\n\t\t\t\t\t\t\t<div class=\"elementor-spacer\">\n\t\t\t<div class=\"elementor-spacer-inner\"><\/div>\n\t\t<\/div>\n\t\t\t\t\t\t<\/div>\n\t\t\t\t<\/div>\n\t\t\t\t\t<\/div>\n\t\t\t\t<\/div>\n\t\t<div class=\"elementor-element elementor-element-edc0d2a e-con-full e-flex e-con e-parent\" data-id=\"edc0d2a\" data-element_type=\"container\" data-e-type=\"container\" data-settings=\"{&quot;background_background&quot;:&quot;classic&quot;}\">\n\t\t\t\t<div class=\"elementor-element elementor-element-6eacad7 elementor-widget elementor-widget-text-editor\" data-id=\"6eacad7\" data-element_type=\"widget\" data-e-type=\"widget\" data-widget_type=\"text-editor.default\">\n\t\t\t\t<div class=\"elementor-widget-container\">\n\t\t\t\t\t\t\t\t\t<p><span class=\"cf0\">Las cookies son peque\u00f1os archivos de texto que se colocan autom\u00e1ticamente en el PC del navegador dentro del navegador. Contienen informaci\u00f3n b\u00e1sica sobre la navegaci\u00f3n en Internet y, gracias al navegador, se reconocen cada vez que el usuario visita el sitio. A continuaci\u00f3n, se proporcionan detalles sobre las cookies instaladas por este sitio e indicaciones sobre c\u00f3mo gestionar las preferencias al respecto.  <\/span><\/p>\t\t\t\t\t\t\t\t<\/div>\n\t\t\t\t<\/div>\n\t\t\t\t<\/div>\n\t\t<div class=\"elementor-element elementor-element-a060125 e-con-full e-flex e-con e-parent\" data-id=\"a060125\" data-element_type=\"container\" data-e-type=\"container\" data-settings=\"{&quot;background_background&quot;:&quot;classic&quot;}\">\n\t\t\t\t<div class=\"elementor-element elementor-element-3e8b403 elementor-widget elementor-widget-heading\" data-id=\"3e8b403\" data-element_type=\"widget\" data-e-type=\"widget\" data-widget_type=\"heading.default\">\n\t\t\t\t<div class=\"elementor-widget-container\">\n\t\t\t\t\t<h3 class=\"elementor-heading-title elementor-size-default\">Cookies t\u00e9cnicas<\/h3>\t\t\t\t<\/div>\n\t\t\t\t<\/div>\n\t\t\t\t<\/div>\n\t\t<div class=\"elementor-element elementor-element-5b21fd8 e-flex e-con-boxed e-con e-parent\" data-id=\"5b21fd8\" data-element_type=\"container\" data-e-type=\"container\" data-settings=\"{&quot;background_background&quot;:&quot;classic&quot;}\">\n\t\t\t\t\t<div class=\"e-con-inner\">\n\t\t\t\t<div class=\"elementor-element elementor-element-ec5e400 elementor-widget elementor-widget-spacer\" data-id=\"ec5e400\" data-element_type=\"widget\" data-e-type=\"widget\" data-widget_type=\"spacer.default\">\n\t\t\t\t<div class=\"elementor-widget-container\">\n\t\t\t\t\t\t\t<div class=\"elementor-spacer\">\n\t\t\t<div class=\"elementor-spacer-inner\"><\/div>\n\t\t<\/div>\n\t\t\t\t\t\t<\/div>\n\t\t\t\t<\/div>\n\t\t\t\t\t<\/div>\n\t\t\t\t<\/div>\n\t\t<div class=\"elementor-element elementor-element-33929f1 e-con-full e-flex e-con e-parent\" data-id=\"33929f1\" data-element_type=\"container\" data-e-type=\"container\" data-settings=\"{&quot;background_background&quot;:&quot;classic&quot;}\">\n\t\t\t\t<div class=\"elementor-element elementor-element-dc917fb elementor-widget elementor-widget-text-editor\" data-id=\"dc917fb\" data-element_type=\"widget\" data-e-type=\"widget\" data-widget_type=\"text-editor.default\">\n\t\t\t\t<div class=\"elementor-widget-container\">\n\t\t\t\t\t\t\t\t\t<p><span class=\"cf0\">Las cookies t\u00e9cnicas descritas aqu\u00ed a continuaci\u00f3n no requieren consentimiento preventivo y, por lo tanto, se instalan autom\u00e1ticamente tras el acceso al sitio.<\/span><\/p><p><span class=\"cf0\">Cookies necesarias para el funcionamiento: cookies que permiten que el sitio funcione correctamente, permitiendo tambi\u00e9n al usuario tener una experiencia de navegaci\u00f3n funcional. Por ejemplo, mantienen al usuario conectado durante la navegaci\u00f3n, evitando que el sitio solicite conectarse varias veces para acceder a las p\u00e1ginas siguientes. <\/span><\/p><p><span class=\"cf0\">Cookies para guardar las preferencias: cookies que permiten recordar las preferencias seleccionadas por el usuario durante la navegaci\u00f3n, por ejemplo, permiten configurar el idioma.<\/span><\/p><p><span class=\"cf0\">Cookies estad\u00edsticas y de medici\u00f3n de la audiencia: cookies que ayudan a comprender, a trav\u00e9s de datos recogidos de forma an\u00f3nima y agregada, c\u00f3mo los usuarios interact\u00faan con el sitio web, proporcionando informaci\u00f3n relativa a las secciones visitadas, el tiempo transcurrido en el sitio, posibles fallos de funcionamiento. Por ejemplo, en algunos casos las cookies de Google Analytics utilizadas en este sitio se han anonimizado y, por lo tanto, son equivalentes a cookies t\u00e9cnicas. <\/span><\/p><p><\/p>\t\t\t\t\t\t\t\t<\/div>\n\t\t\t\t<\/div>\n\t\t\t\t<\/div>\n\t\t<div class=\"elementor-element elementor-element-2dfaeec e-con-full e-flex e-con e-parent\" data-id=\"2dfaeec\" data-element_type=\"container\" data-e-type=\"container\" data-settings=\"{&quot;background_background&quot;:&quot;classic&quot;}\">\n\t\t\t\t<div class=\"elementor-element elementor-element-a9404cd elementor-widget elementor-widget-heading\" data-id=\"a9404cd\" data-element_type=\"widget\" data-e-type=\"widget\" data-widget_type=\"heading.default\">\n\t\t\t\t<div class=\"elementor-widget-container\">\n\t\t\t\t\t<h3 class=\"elementor-heading-title elementor-size-default\">Cookies de terceros<\/h3>\t\t\t\t<\/div>\n\t\t\t\t<\/div>\n\t\t\t\t<\/div>\n\t\t<div class=\"elementor-element elementor-element-47c2d08 e-flex e-con-boxed e-con e-parent\" data-id=\"47c2d08\" data-element_type=\"container\" data-e-type=\"container\" data-settings=\"{&quot;background_background&quot;:&quot;classic&quot;}\">\n\t\t\t\t\t<div class=\"e-con-inner\">\n\t\t\t\t<div class=\"elementor-element elementor-element-8000e35 elementor-widget elementor-widget-spacer\" data-id=\"8000e35\" data-element_type=\"widget\" data-e-type=\"widget\" data-widget_type=\"spacer.default\">\n\t\t\t\t<div class=\"elementor-widget-container\">\n\t\t\t\t\t\t\t<div class=\"elementor-spacer\">\n\t\t\t<div class=\"elementor-spacer-inner\"><\/div>\n\t\t<\/div>\n\t\t\t\t\t\t<\/div>\n\t\t\t\t<\/div>\n\t\t\t\t\t<\/div>\n\t\t\t\t<\/div>\n\t\t<div class=\"elementor-element elementor-element-c7ef487 e-con-full e-flex e-con e-parent\" data-id=\"c7ef487\" data-element_type=\"container\" data-e-type=\"container\" data-settings=\"{&quot;background_background&quot;:&quot;classic&quot;}\">\n\t\t\t\t<div class=\"elementor-element elementor-element-123b71f elementor-widget elementor-widget-text-editor\" data-id=\"123b71f\" data-element_type=\"widget\" data-e-type=\"widget\" data-widget_type=\"text-editor.default\">\n\t\t\t\t<div class=\"elementor-widget-container\">\n\t\t\t\t\t\t\t\t\t<p><span class=\"cf0\">A trav\u00e9s de este sitio tambi\u00e9n se instalan cookies gestionadas por terceros. Para obtener m\u00e1s informaci\u00f3n relativa a las cookies individuales de terceros y la gesti\u00f3n del consentimiento, puede utilizar el comando \u201cMostrar detalles\u201d del banner para la gesti\u00f3n de las cookies. Adem\u00e1s, accediendo a la p\u00e1gina http:\/\/www.youronlinechoices.com\/it\/le-tue-scelte    <\/span><span class=\"cf1\">es posible informarse sobre la publicidad comportamental, adem\u00e1s de desactivar o activar las cookies de las sociedades enumeradas que trabajan con los gestores de los sitios web para recoger y utilizar informaci\u00f3n \u00fatil para la fruici\u00f3n de la publicidad.<\/span><\/p><p><span class=\"cf1\">A continuaci\u00f3n, se describen los diferentes tipos de cookies que los terceros podr\u00edan liberar en el curso de la navegaci\u00f3n en el presente sitio.<\/span><\/p><p><strong><span class=\"cf1\">Cookies estad\u00edsticas y de medici\u00f3n de la audiencia de terceros<\/span><\/strong><\/p><p><span class=\"cf1\">Estas cookies proporcionan informaci\u00f3n an\u00f3nima\/agregada sobre el modo en que los visitantes navegan en el sitio. Para saber cu\u00e1les son estas cookies y expresar sus preferencias al respecto, puede utilizar el banner para la gesti\u00f3n de las cookies (utilizando el comando \u201cMostrar los detalles\u201d). <\/span><\/p><p><strong><span class=\"cf1\">Cookies de social media sharing<\/span><\/strong><\/p><p><span class=\"cf1\">Estas cookies de terceros <\/span><span class=\"cf0\">\u2013 en caso de que est\u00e9n presentes los enlaces en el sitio \u2013 se utilizan para integrar algunas funcionalidades difundidas<\/span><span class=\"cf1\"> de los principales social media y proporcionarlas dentro del sitio. En particular, permiten el registro y la autenticaci\u00f3n en el sitio a trav\u00e9s de   <\/span><span class=\"cf1\">facebook<\/span><span class=\"cf1\"> y <\/span><span class=\"cf1\">google<\/span> <span class=\"cf1\">connect<\/span><span class=\"cf1\">, el intercambio y los comentarios de p\u00e1ginas del sitio en los social media, habilitan las funcionalidades del \u201cme gusta\u201d en Facebook y del \u201c+1\u201d en G+. Si est\u00e1n presentes en el sitio, estas cookies se enumeran dentro del banner para la gesti\u00f3n de las cookies. Para saber cu\u00e1les son estas cookies y expresar sus preferencias al respecto, puede utilizar el banner para la gesti\u00f3n de las cookies (utilizando el comando \u201cMostrar los detalles\u201d).  <\/span><\/p><p><strong><span class=\"cf1\">Cookies de <\/span><span class=\"cf1\">remarketing<\/span><\/strong><\/p><p><span class=\"cf1\">Estas cookies de terceros, cuando est\u00e1n presentes, permiten mostrar anuncios publicitarios basados en los intereses manifestados por los usuarios durante la navegaci\u00f3n online en los sitios y las APP pertenecientes al circuito del tercero que ha liberado estas cookies. Por ejemplo, las cookies de   <\/span><span class=\"cf1\">remarketing<\/span><span class=\"cf1\">  utilizadas por este sitio pueden ser las de la Red Display de Google y de la plataforma Audience Network de Facebook. Si est\u00e1n presentes en el sitio, estas cookies se enumeran dentro del banner para la gesti\u00f3n de las cookies. Para saber cu\u00e1les son estas cookies y expresar sus preferencias al respecto, puede utilizar el banner para la gesti\u00f3n de las cookies (utilizando el comando \u201cMostrar detalles\u201d).  <\/span><\/p><p><strong><span class=\"cf1\">Cookies t\u00e9cnicas de terceros<\/span><\/strong><\/p><p><span class=\"cf1\">Estas cookies de terceros, cuando est\u00e1n presentes, permiten que los plugins de terceros funcionen correctamente, garantizando al usuario una experiencia de navegaci\u00f3n funcional. Por ejemplo, mantienen al usuario conectado durante la navegaci\u00f3n de modo que no deba introducir continuamente sus credenciales para acceder a las diferentes funcionalidades ofrecidas por el sitio. Los plugins en cuesti\u00f3n son los utilizados por el sitio para permitir realizar las reservas, fijar una cita, intercambiar documentos, disponer de los pagos, recibir emails o SMS. Cuando est\u00e1n presentes en el sitio, estas cookies se enumeran dentro del banner para la gesti\u00f3n de las cookies.   <\/span><\/p><p><\/p>\t\t\t\t\t\t\t\t<\/div>\n\t\t\t\t<\/div>\n\t\t\t\t<\/div>\n\t\t<div class=\"elementor-element elementor-element-6bceec6 e-con-full e-flex e-con e-parent\" data-id=\"6bceec6\" data-element_type=\"container\" data-e-type=\"container\" data-settings=\"{&quot;background_background&quot;:&quot;classic&quot;}\">\n\t\t\t\t<div class=\"elementor-element elementor-element-5910e3f elementor-widget elementor-widget-heading\" data-id=\"5910e3f\" data-element_type=\"widget\" data-e-type=\"widget\" data-widget_type=\"heading.default\">\n\t\t\t\t<div class=\"elementor-widget-container\">\n\t\t\t\t\t<h3 class=\"elementor-heading-title elementor-size-default\">Recuerde que puede gestionar sus preferencias sobre las cookies tambi\u00e9n a trav\u00e9s del navegador<\/h3>\t\t\t\t<\/div>\n\t\t\t\t<\/div>\n\t\t\t\t<\/div>\n\t\t<div class=\"elementor-element elementor-element-f7a6e99 e-flex e-con-boxed e-con e-parent\" data-id=\"f7a6e99\" data-element_type=\"container\" data-e-type=\"container\" data-settings=\"{&quot;background_background&quot;:&quot;classic&quot;}\">\n\t\t\t\t\t<div class=\"e-con-inner\">\n\t\t\t\t<div class=\"elementor-element elementor-element-61a7452 elementor-widget elementor-widget-spacer\" data-id=\"61a7452\" data-element_type=\"widget\" data-e-type=\"widget\" data-widget_type=\"spacer.default\">\n\t\t\t\t<div class=\"elementor-widget-container\">\n\t\t\t\t\t\t\t<div class=\"elementor-spacer\">\n\t\t\t<div class=\"elementor-spacer-inner\"><\/div>\n\t\t<\/div>\n\t\t\t\t\t\t<\/div>\n\t\t\t\t<\/div>\n\t\t\t\t\t<\/div>\n\t\t\t\t<\/div>\n\t\t<div class=\"elementor-element elementor-element-ce88993 e-con-full e-flex e-con e-parent\" data-id=\"ce88993\" data-element_type=\"container\" data-e-type=\"container\" data-settings=\"{&quot;background_background&quot;:&quot;classic&quot;}\">\n\t\t\t\t<div class=\"elementor-element elementor-element-96c0ec6 elementor-widget elementor-widget-text-editor\" data-id=\"96c0ec6\" data-element_type=\"widget\" data-e-type=\"widget\" data-widget_type=\"text-editor.default\">\n\t\t\t\t<div class=\"elementor-widget-container\">\n\t\t\t\t\t\t\t\t\t<p><strong>S<span class=\"cf0\">i se utiliza Internet Explorer<\/span><\/strong><\/p><p><span class=\"cf0\">En Internet Explorer, haga clic en \u201cHerramientas\u201d y seleccione \u201cOpciones de Internet\u201d. En la pesta\u00f1a Privacidad, mueva el cursor hacia arriba para bloquear todas las cookies o hacia abajo para permitir todas las cookies y, a continuaci\u00f3n, haga clic en Aceptar. <\/span><\/p><p><strong><span class=\"cf0\">Si utiliza el navegador Firefox<\/span><\/strong><\/p><p><span class=\"cf0\">Elija el men<\/span><span class=\"cf1\">\u00fa \u201cHerramientas\u201d del navegador y seleccione el men\u00fa \u201cOpciones\u201d. Haga clic en la pesta\u00f1a \u201cPrivacidad\u201d. En la lista desplegable \u201cReglas de conservaci\u00f3n\u201d, seleccione el nivel deseado. Marque la casilla \u201cAceptar las cookies\u201d para activar las cookies, o quite la marca para desactivarlas. Elija durante cu\u00e1nto tiempo se pueden conservar las cookies.    <\/span><\/p><p><strong><span class=\"cf1\">Si utiliza el navegador Safari<\/span><\/strong><\/p><p><span class=\"cf1\">Haga clic en el Men\u00fa Safari, seleccione el men\u00fa \u201cModificar\u201d y seleccione \u201c<\/span><span class=\"cf1\">Preferences<\/span><span class=\"cf1\">\u201d. Haga clic en \u201cPrivacidad\u201d. Coloque la configuraci\u00f3n \u201ccookies    <\/span><span class=\"cf1\">Block<\/span><span class=\"cf1\">\u201d y haga clic en Aceptar.<\/span><\/p><p><strong><span class=\"cf1\">Si utiliza el navegador Google Chrome<\/span><\/strong><\/p><p><span class=\"cf1\">Haga clic en el men\u00fa Chrome en la barra de herramientas del navegador. Seleccione \u201cConfiguraci\u00f3n\u201d. Haga clic en \u201cMostrar configuraci\u00f3n avanzada\u201d. En la secci\u00f3n \u201cPrivacidad\u201d, haga clic en \u201cConfiguraci\u00f3n de contenido\u201d. En la secci\u00f3n \u201cCookies\u201d, seleccione \u201cImpedir a todos los sitios guardar los datos\u201d y, a continuaci\u00f3n, haga clic en Aceptar. Si usa cualquier otro navegador o no conoce el tipo y la versi\u00f3n de navegador que est\u00e1 utilizando, haga clic en \u201cAyuda\u201d en la ventana del navegador en la parte superior, desde donde puede acceder a toda la informaci\u00f3n necesaria.     <\/span><\/p><p><\/p>\t\t\t\t\t\t\t\t<\/div>\n\t\t\t\t<\/div>\n\t\t\t\t<\/div>\n\t\t<div class=\"elementor-element elementor-element-a260e9c e-flex e-con-boxed e-con e-parent\" data-id=\"a260e9c\" data-element_type=\"container\" data-e-type=\"container\" data-settings=\"{&quot;background_background&quot;:&quot;classic&quot;}\">\n\t\t\t\t\t<div class=\"e-con-inner\">\n\t\t\t\t<div class=\"elementor-element elementor-element-0229b75 elementor-widget elementor-widget-spacer\" data-id=\"0229b75\" data-element_type=\"widget\" data-e-type=\"widget\" data-widget_type=\"spacer.default\">\n\t\t\t\t<div class=\"elementor-widget-container\">\n\t\t\t\t\t\t\t<div class=\"elementor-spacer\">\n\t\t\t<div class=\"elementor-spacer-inner\"><\/div>\n\t\t<\/div>\n\t\t\t\t\t\t<\/div>\n\t\t\t\t<\/div>\n\t\t\t\t\t<\/div>\n\t\t\t\t<\/div>\n\t\t\t\t<\/div>\n\t\t","protected":false},"excerpt":{"rendered":"<p>Pol\u00edtica de cookies Este sitio utiliza cookies t\u00e9cnicas, anal\u00edticas y de perfil, tambi\u00e9n de terceros, necesarias respectivamente para permitir algunas funcionalidades fundamentales para el sitio, para realizar mediciones del rendimiento del sitio mismo o para proporcionarle indicaciones promocionales en l\u00ednea con sus intereses. Para aceptar, rechazar o seleccionar contempor\u00e1neamente todas las cookies en base a [&hellip;]<\/p>\n","protected":false},"author":1,"featured_media":0,"parent":0,"menu_order":0,"comment_status":"closed","ping_status":"closed","template":"","meta":{"site-sidebar-layout":"no-sidebar","site-content-layout":"page-builder","ast-site-content-layout":"full-width-container","site-content-style":"default","site-sidebar-style":"default","ast-global-header-display":"","ast-banner-title-visibility":"","ast-main-header-display":"","ast-hfb-above-header-display":"","ast-hfb-below-header-display":"","ast-hfb-mobile-header-display":"","site-post-title":"disabled","ast-breadcrumbs-content":"","ast-featured-img":"disabled","footer-sml-layout":"","ast-disable-related-posts":"","theme-transparent-header-meta":"","adv-header-id-meta":"","stick-header-meta":"","header-above-stick-meta":"","header-main-stick-meta":"","header-below-stick-meta":"","astra-migrate-meta-layouts":"default","ast-page-background-enabled":"default","ast-page-background-meta":{"desktop":{"background-color":"","background-image":"","background-repeat":"repeat","background-position":"center center","background-size":"auto","background-attachment":"scroll","background-type":"","background-media":"","overlay-type":"","overlay-color":"","overlay-opacity":"","overlay-gradient":""},"tablet":{"background-color":"","background-image":"","background-repeat":"repeat","background-position":"center center","background-size":"auto","background-attachment":"scroll","background-type":"","background-media":"","overlay-type":"","overlay-color":"","overlay-opacity":"","overlay-gradient":""},"mobile":{"background-color":"","background-image":"","background-repeat":"repeat","background-position":"center center","background-size":"auto","background-attachment":"scroll","background-type":"","background-media":"","overlay-type":"","overlay-color":"","overlay-opacity":"","overlay-gradient":""}},"ast-content-background-meta":{"desktop":{"background-color":"var(--ast-global-color-5)","background-image":"","background-repeat":"repeat","background-position":"center center","background-size":"auto","background-attachment":"scroll","background-type":"","background-media":"","overlay-type":"","overlay-color":"","overlay-opacity":"","overlay-gradient":""},"tablet":{"background-color":"var(--ast-global-color-5)","background-image":"","background-repeat":"repeat","background-position":"center center","background-size":"auto","background-attachment":"scroll","background-type":"","background-media":"","overlay-type":"","overlay-color":"","overlay-opacity":"","overlay-gradient":""},"mobile":{"background-color":"var(--ast-global-color-5)","background-image":"","background-repeat":"repeat","background-position":"center center","background-size":"auto","background-attachment":"scroll","background-type":"","background-media":"","overlay-type":"","overlay-color":"","overlay-opacity":"","overlay-gradient":""}},"footnotes":""},"class_list":["post-4701","page","type-page","status-publish","hentry"],"_links":{"self":[{"href":"https:\/\/www.omnibusweb.com\/es\/wp-json\/wp\/v2\/pages\/4701","targetHints":{"allow":["GET"]}}],"collection":[{"href":"https:\/\/www.omnibusweb.com\/es\/wp-json\/wp\/v2\/pages"}],"about":[{"href":"https:\/\/www.omnibusweb.com\/es\/wp-json\/wp\/v2\/types\/page"}],"author":[{"embeddable":true,"href":"https:\/\/www.omnibusweb.com\/es\/wp-json\/wp\/v2\/users\/1"}],"replies":[{"embeddable":true,"href":"https:\/\/www.omnibusweb.com\/es\/wp-json\/wp\/v2\/comments?post=4701"}],"version-history":[{"count":1,"href":"https:\/\/www.omnibusweb.com\/es\/wp-json\/wp\/v2\/pages\/4701\/revisions"}],"predecessor-version":[{"id":4702,"href":"https:\/\/www.omnibusweb.com\/es\/wp-json\/wp\/v2\/pages\/4701\/revisions\/4702"}],"wp:attachment":[{"href":"https:\/\/www.omnibusweb.com\/es\/wp-json\/wp\/v2\/media?parent=4701"}],"curies":[{"name":"wp","href":"https:\/\/api.w.org\/{rel}","templated":true}]}}